{"id":591,"date":"2023-09-13T12:12:31","date_gmt":"2023-09-13T10:12:31","guid":{"rendered":"https:\/\/cibusergroup.de\/?page_id=591"},"modified":"2026-03-13T10:44:09","modified_gmt":"2026-03-13T09:44:09","slug":"contact","status":"publish","type":"page","link":"https:\/\/cibseven.org\/en\/kontakt\/","title":{"rendered":"Contact us"},"content":{"rendered":"<div data-elementor-type=\"wp-page\" data-elementor-id=\"591\" class=\"elementor elementor-591\" data-elementor-post-type=\"page\">\n\t\t\t\t\t\t<section class=\"elementor-section elementor-top-section elementor-element elementor-element-1d7e46f elementor-section-boxed elementor-section-height-default elementor-section-height-default\" data-id=\"1d7e46f\" data-element_type=\"section\" data-e-type=\"section\" data-settings=\"{&quot;background_background&quot;:&quot;classic&quot;}\">\n\t\t\t\t\t\t<div class=\"elementor-container elementor-column-gap-default\">\n\t\t\t\t\t<div class=\"elementor-column elementor-col-50 elementor-top-column elementor-element elementor-element-82e4541\" data-id=\"82e4541\" data-element_type=\"column\" data-e-type=\"column\">\n\t\t\t<div class=\"elementor-widget-wrap elementor-element-populated\">\n\t\t\t\t\t\t<div class=\"elementor-element elementor-element-9500541 elementor-widget elementor-widget-heading\" data-id=\"9500541\" data-element_type=\"widget\" data-e-type=\"widget\" data-widget_type=\"heading.default\">\n\t\t\t\t<div class=\"elementor-widget-container\">\n\t\t\t\t\t<h1 class=\"elementor-heading-title elementor-size-default\">Thank you very much for your interest in CIB seven.<\/h1>\t\t\t\t<\/div>\n\t\t\t\t<\/div>\n\t\t\t\t<div class=\"elementor-element elementor-element-a2f16ed elementor-widget elementor-widget-text-editor\" data-id=\"a2f16ed\" data-element_type=\"widget\" data-e-type=\"widget\" data-widget_type=\"text-editor.default\">\n\t\t\t\t<div class=\"elementor-widget-container\">\n\t\t\t\t\t\t\t\t\tGet in touch! We will be happy to advise you.\n\n\t\t\t\t\t\t\t\t<\/div>\n\t\t\t\t<\/div>\n\t\t\t\t<div class=\"elementor-element elementor-element-7c5b198 elementor-widget elementor-widget-text-editor\" data-id=\"7c5b198\" data-element_type=\"widget\" data-e-type=\"widget\" data-widget_type=\"text-editor.default\">\n\t\t\t\t<div class=\"elementor-widget-container translation-block\">Subscribe to our <u><a href=\"\/en\/newsletter\/\" target=\"_self\">newsletter<\/a><\/u> so you don't miss out on any information!<\/div>\n\t\t\t\t<\/div>\n\t\t\t\t<div class=\"elementor-element elementor-element-5d297a3 elementor-hidden-mobile elementor-widget__width-initial elementor-widget elementor-widget-image\" data-id=\"5d297a3\" data-element_type=\"widget\" data-e-type=\"widget\" data-widget_type=\"image.default\">\n\t\t\t\t<div class=\"elementor-widget-container\">\n\t\t\t\t\t\t\t\t\t\t\t\t\t\t\t<img fetchpriority=\"high\" decoding=\"async\" width=\"900\" height=\"420\" src=\"https:\/\/cibseven.org\/wp-content\/uploads\/2024\/03\/contact-23-1024x478.png\" class=\"attachment-large size-large wp-image-3676\" alt=\"\" srcset=\"https:\/\/cibseven.org\/wp-content\/uploads\/2024\/03\/contact-23-1024x478.png 1024w, https:\/\/cibseven.org\/wp-content\/uploads\/2024\/03\/contact-23-300x140.png 300w, https:\/\/cibseven.org\/wp-content\/uploads\/2024\/03\/contact-23-768x358.png 768w, https:\/\/cibseven.org\/wp-content\/uploads\/2024\/03\/contact-23.png 1434w\" sizes=\"(max-width: 900px) 100vw, 900px\" \/>\t\t\t\t\t\t\t\t\t\t\t\t\t\t\t<\/div>\n\t\t\t\t<\/div>\n\t\t\t\t\t<\/div>\n\t\t<\/div>\n\t\t\t\t<div class=\"elementor-column elementor-col-50 elementor-top-column elementor-element elementor-element-0d4fe2b\" data-id=\"0d4fe2b\" data-element_type=\"column\" data-e-type=\"column\">\n\t\t\t<div class=\"elementor-widget-wrap elementor-element-populated\">\n\t\t\t\t\t\t<div class=\"elementor-element elementor-element-ba4bcc8 elementor-widget elementor-widget-wp-widget-forminator_widget\" data-id=\"ba4bcc8\" data-element_type=\"widget\" data-e-type=\"widget\" data-widget_type=\"wp-widget-forminator_widget.default\">\n\t\t\t\t<div class=\"elementor-widget-container\">\n\t\t\t\t\t<div class=\"forminator-ui forminator-custom-form forminator-custom-form-6472 forminator-design--default forminator-custom forminator_ajax\" data-forminator-render=\"0\" data-form=\"forminator-module-6472\" data-uid=\"69e0b5be33c16\"><br\/><\/div><form\n\t\t\t\tid=\"forminator-module-6472\"\n\t\t\t\tclass=\"forminator-ui forminator-custom-form forminator-custom-form-6472 forminator-design--default forminator-custom forminator_ajax\"\n\t\t\t\tmethod=\"post\"\n\t\t\t\tdata-forminator-render=\"0\"\n\t\t\t\tdata-form-id=\"6472\"\n\t\t\t\t data-color-option=\"default\" data-design=\"default\" data-grid=\"custom\" style=\"display: none;\"\n\t\t\t\tdata-uid=\"69e0b5be33c16\" action=\"\"\n\t\t\t><div role=\"alert\" aria-live=\"polite\" class=\"forminator-response-message forminator-error\" aria-hidden=\"true\"><\/div><div class=\"forminator-row\"><div id=\"textarea-1\" class=\"forminator-field-textarea forminator-col forminator-col-12\"><div class=\"forminator-field\"><label for=\"forminator-field-textarea-1_69e0b5be33c16\" id=\"forminator-field-textarea-1_69e0b5be33c16-label\" class=\"forminator-label\">Your message: <span class=\"forminator-required\">*<\/span><\/label><textarea name=\"textarea-1\" placeholder=\"\" id=\"forminator-field-textarea-1_69e0b5be33c16\" class=\"forminator-textarea\" rows=\"6\" style=\"min-height:60px;\" ><\/textarea><\/div><\/div><\/div><div class=\"forminator-row\"><div id=\"select-3\" class=\"forminator-field-select forminator-col forminator-col-12\"><div class=\"forminator-field\"><label for=\"forminator-form-6472__field--select-3_69e0b5be33c16\" id=\"forminator-form-6472__field--select-3_69e0b5be33c16-label\" class=\"forminator-label\">I am interested in:<\/label><select multiple id=\"forminator-form-6472__field--select-3_69e0b5be33c16\" class=\"forminator-select--field forminator-select2 forminator-select2-multiple\" data-required=\"\" name=\"select-3[]\" data-default-value=\"\" data-hidden-behavior=\"zero\" data-placeholder=\"--\" data-search=\"false\" data-search-placeholder=\"Search\" data-checkbox=\"false\" data-allow-clear=\"true\" aria-labelledby=\"forminator-form-6472__field--select-3_69e0b5be33c16-label\"><option value=\"communityplus\"  data-calculation=\"0\">CIB seven Community+<\/option><option value=\"lts\"  data-calculation=\"0\">CIB seven LTS<\/option><option value=\"enterprise\"  data-calculation=\"0\">CIB seven Enterprise<\/option><option value=\"oem\"  data-calculation=\"0\">CIB seven OEM<\/option><option value=\"ins7ght\"  data-calculation=\"0\">CIB ins7ght<\/option><option value=\"flow\"  data-calculation=\"0\">CIB flow + CIB seven<\/option><\/select><\/div><\/div><\/div><div class=\"forminator-row\"><div id=\"html-7\" class=\"forminator-field-html forminator-col forminator-col-12\"><div class=\"forminator-field forminator-merge-tags\" data-field=\"html-7\"><\/div><\/div><\/div><div class=\"forminator-row\"><div id=\"html-6\" class=\"forminator-field-html forminator-col forminator-col-12\"><div class=\"forminator-field forminator-merge-tags\" data-field=\"html-6\"><br><\/div><\/div><\/div><div class=\"forminator-row\"><div id=\"text-4\" class=\"forminator-field-text forminator-col forminator-col-12\"><div class=\"forminator-field\"><label for=\"forminator-field-text-4_69e0b5be33c16\" id=\"forminator-field-text-4_69e0b5be33c16-label\" class=\"forminator-label\">When are you planning to migrate?<\/label><input type=\"text\" name=\"text-4\" value=\"\" placeholder=\"\" id=\"forminator-field-text-4_69e0b5be33c16\" class=\"forminator-input forminator-name--field\" data-required=\"\" \/><\/div><\/div><\/div><div class=\"forminator-row\"><div id=\"html-8\" class=\"forminator-field-html forminator-col forminator-col-12\"><div class=\"forminator-field forminator-merge-tags\" data-field=\"html-8\"><p>&nbsp;<\/p>\n<hr style=\"height: 2px;border-width: 0;color: #dfe7f0;background-color: #dfe7f0\">\n<p>&nbsp;<\/p><\/div><\/div><\/div><div class=\"forminator-row\"><div id=\"html-5\" class=\"forminator-field-html forminator-col forminator-col-12\"><div class=\"forminator-field forminator-merge-tags\" data-field=\"html-5\"><div style=\"height: 10px\">&nbsp;<\/div><\/div><\/div><\/div><div class=\"forminator-row\"><div id=\"name-1\" class=\"forminator-field-name forminator-col forminator-col-12\"><div class=\"forminator-field\"><label for=\"forminator-field-name-1_69e0b5be33c16\" id=\"forminator-field-name-1_69e0b5be33c16-label\" class=\"forminator-label\">Name <span class=\"forminator-required\">*<\/span><\/label><input type=\"text\" name=\"name-1\" value=\"\" placeholder=\"\" id=\"forminator-field-name-1_69e0b5be33c16\" class=\"forminator-input forminator-name--field\" aria-required=\"true\" autocomplete=\"name\" \/><\/div><\/div><\/div><div class=\"forminator-row\"><div id=\"text-2\" class=\"forminator-field-text forminator-col forminator-col-12\"><div class=\"forminator-field\"><label for=\"forminator-field-text-2_69e0b5be33c16\" id=\"forminator-field-text-2_69e0b5be33c16-label\" class=\"forminator-label\">Surname <span class=\"forminator-required\">*<\/span><\/label><input type=\"text\" name=\"text-2\" value=\"\" placeholder=\"\" id=\"forminator-field-text-2_69e0b5be33c16\" class=\"forminator-input forminator-name--field\" data-required=\"1\" \/><\/div><\/div><\/div><div class=\"forminator-row\"><div id=\"text-3\" class=\"forminator-field-text forminator-col forminator-col-12\"><div class=\"forminator-field\"><label for=\"forminator-field-text-3_69e0b5be33c16\" id=\"forminator-field-text-3_69e0b5be33c16-label\" class=\"forminator-label\">Company<\/label><input type=\"text\" name=\"text-3\" value=\"\" placeholder=\"\" id=\"forminator-field-text-3_69e0b5be33c16\" class=\"forminator-input forminator-name--field\" data-required=\"\" \/><\/div><\/div><\/div><div class=\"forminator-row\"><div id=\"email-1\" class=\"forminator-field-email forminator-col forminator-col-12\"><div class=\"forminator-field\"><label for=\"forminator-field-email-1_69e0b5be33c16\" id=\"forminator-field-email-1_69e0b5be33c16-label\" class=\"forminator-label\">E-Mail <span class=\"forminator-required\">*<\/span><\/label><input type=\"email\" name=\"email-1\" value=\"\" placeholder=\"\" id=\"forminator-field-email-1_69e0b5be33c16\" class=\"forminator-input forminator-email--field\" data-required=\"1\" aria-required=\"true\" autocomplete=\"email\" \/><\/div><\/div><\/div><div class=\"forminator-row\"><div id=\"text-1\" class=\"forminator-field-text forminator-col forminator-col-12\"><div class=\"forminator-field\"><label for=\"forminator-field-text-1_69e0b5be33c16\" id=\"forminator-field-text-1_69e0b5be33c16-label\" class=\"forminator-label\">Telephone<\/label><input type=\"text\" name=\"text-1\" value=\"\" placeholder=\"\" id=\"forminator-field-text-1_69e0b5be33c16\" class=\"forminator-input forminator-name--field\" data-required=\"\" \/><\/div><\/div><\/div><div class=\"forminator-row\"><div id=\"select-1\" class=\"forminator-field-select forminator-col forminator-col-12\"><div class=\"forminator-field\"><label for=\"forminator-form-6472__field--select-1_69e0b5be33c16\" id=\"forminator-form-6472__field--select-1_69e0b5be33c16-label\" class=\"forminator-label\">How did you find us? <span class=\"forminator-required\">*<\/span><\/label><select  id=\"forminator-form-6472__field--select-1_69e0b5be33c16\" class=\"forminator-select--field forminator-select2 forminator-select2-multiple\" data-required=\"1\" name=\"select-1\" data-default-value=\"\" data-hidden-behavior=\"zero\" data-placeholder=\"Please select an option\" data-search=\"false\" data-search-placeholder=\"Please select an option\" data-checkbox=\"false\" data-allow-clear=\"false\" aria-labelledby=\"forminator-form-6472__field--select-1_69e0b5be33c16-label\"><option value=\"\"  >Please select an option<\/option><option value=\"one\"  data-calculation=\"0\">Search engines<\/option><option value=\"two\"  data-calculation=\"0\">Via LinkedIn<\/option><option value=\"\u00dcber-einen-Blog--oder-Presseartikel\"  data-calculation=\"0\">Via a blog or in the press<\/option><option value=\"\u00dcber-eine-Empfehlung\"  data-calculation=\"0\">Via recommendation<\/option><option value=\"Sonstiges\"  data-calculation=\"0\">Others<\/option><\/select><\/div><\/div><\/div><div class=\"forminator-row\"><div id=\"html-4\" class=\"forminator-field-html forminator-col forminator-col-12\"><div class=\"forminator-field forminator-merge-tags\" data-field=\"html-4\"><div style=\"height: 10px\"><\/div><\/div><\/div><\/div><div class=\"forminator-row\"><div id=\"html-2\" class=\"forminator-field-html forminator-col forminator-col-12\"><div class=\"forminator-field forminator-merge-tags\" data-field=\"html-2\"><p style=\"font-size: 12px\">By submitting the contact form, you agree to your data being used to process your inquiry. You can find further information and revocation instructions in the <u><a href=\"https:\/\/www.cib.de\/en\/privacy-policy\/\">Privacy Policy. <\/a><\/u><\/p><\/div><\/div><\/div><div class=\"forminator-row\" style=\"margin: 0;\"><div id=\"captcha-1\" class=\"forminator-field-captcha  forminator-col-12\"><div class=\"forminator-captcha-left forminator-g-recaptcha recaptcha-invisible\" data-theme=\"light\" data-badge=\"bottomright\" data-sitekey=\"6Lcsf7AqAAAAADXy-GQbExIJ3c2fLiLybPMY8PGy\" data-size=\"invisible\"><\/div> <\/div><\/div><div class=\"forminator-row forminator-hidden\"><div id=\"hidden-1\" class=\"forminator-field-hidden  forminator-col-12\"><input type=\"hidden\" id=\"hidden-1_69e0b5be33c16\" name=\"hidden-1\" value=\"216.73.216.218\" \/><\/div><\/div><input type=\"hidden\" name=\"referer_url\" value=\"\" \/><div class=\"forminator-row forminator-row-last\"><div class=\"forminator-col\"><div class=\"forminator-field\"><button class=\"forminator-button forminator-button-submit\">Send<\/button><\/div><\/div><\/div><input type=\"hidden\" id=\"forminator_nonce\" name=\"forminator_nonce\" value=\"4f4b0228f2\" \/><input type=\"hidden\" name=\"_wp_http_referer\" value=\"\/en\/wp-json\/wp\/v2\/pages\/591\" \/><input type=\"hidden\" name=\"form_id\" value=\"6472\"><input type=\"hidden\" name=\"page_id\" value=\"591\"><input type=\"hidden\" name=\"form_type\" value=\"default\"><input type=\"hidden\" name=\"current_url\" value=\"https:\/\/cibseven.org\/en\/kontakt\/\"><input type=\"hidden\" name=\"render_id\" value=\"0\"><input type=\"hidden\" name=\"action\" value=\"forminator_submit_form_custom-forms\"><label for=\"input_11\" class=\"forminator-hidden\" aria-hidden=\"true\">Please do not fill in this field. <input id=\"input_11\" type=\"text\" name=\"input_11\" value=\"\" autocomplete=\"off\"><\/label><input type=\"hidden\" name=\"trp-form-language\" value=\"en\"\/><\/form>\t\t\t\t<\/div>\n\t\t\t\t<\/div>\n\t\t\t\t\t<\/div>\n\t\t<\/div>\n\t\t\t\t\t<\/div>\n\t\t<\/section>\n\t\t\t\t<section class=\"elementor-section elementor-top-section elementor-element elementor-element-086e93d elementor-section-boxed elementor-section-height-default elementor-section-height-default\" data-id=\"086e93d\" data-element_type=\"section\" data-e-type=\"section\" data-settings=\"{&quot;background_background&quot;:&quot;classic&quot;}\">\n\t\t\t\t\t\t\t<div class=\"elementor-background-overlay\"><\/div>\n\t\t\t\t\t\t\t<div class=\"elementor-container elementor-column-gap-default\">\n\t\t\t\t\t<div class=\"elementor-column elementor-col-100 elementor-top-column elementor-element elementor-element-9f95943\" data-id=\"9f95943\" data-element_type=\"column\" data-e-type=\"column\">\n\t\t\t<div class=\"elementor-widget-wrap elementor-element-populated\">\n\t\t\t\t\t\t<div class=\"elementor-element elementor-element-561e3f8 elementor-widget elementor-widget-menu-anchor\" data-id=\"561e3f8\" data-element_type=\"widget\" data-e-type=\"widget\" data-widget_type=\"menu-anchor.default\">\n\t\t\t\t<div class=\"elementor-widget-container\">\n\t\t\t\t\t\t\t<div class=\"elementor-menu-anchor\" id=\"kontakt\"><\/div>\n\t\t\t\t\t\t<\/div>\n\t\t\t\t<\/div>\n\t\t\t\t<div class=\"elementor-element elementor-element-d6fc0e3 elementor-widget elementor-widget-heading\" data-id=\"d6fc0e3\" data-element_type=\"widget\" data-e-type=\"widget\" data-widget_type=\"heading.default\">\n\t\t\t\t<div class=\"elementor-widget-container\">\n\t\t\t\t\t<h2 class=\"elementor-heading-title elementor-size-default translation-block\">Subscribe to the CIB Seven newsletter.<br>We will keep you regularly updated with news about CIB seven.<\/h2>\t\t\t\t<\/div>\n\t\t\t\t<\/div>\n\t\t\t\t<div class=\"elementor-element elementor-element-d88b7cb elementor-align-center elementor-widget elementor-widget-button\" data-id=\"d88b7cb\" data-element_type=\"widget\" data-e-type=\"widget\" data-widget_type=\"button.default\">\n\t\t\t\t<div class=\"elementor-widget-container\">\n\t\t\t\t\t\t\t\t\t<div class=\"elementor-button-wrapper\">\n\t\t\t\t\t<a class=\"elementor-button elementor-button-link elementor-size-sm\" href=\"\/en\/newsletter\/\" target=\"_blank\" id=\"seven-kontakt-bottom\">\n\t\t\t\t\t\t<span class=\"elementor-button-content-wrapper\">\n\t\t\t\t\t\t<span class=\"elementor-button-icon\">\n\t\t\t\t<svg aria-hidden=\"true\" class=\"e-font-icon-svg e-fas-arrow-right\" viewbox=\"0 0 448 512\" xmlns=\"http:\/\/www.w3.org\/2000\/svg\"><path d=\"M190.5 66.9l22.2-22.2c9.4-9.4 24.6-9.4 33.9 0L441 239c9.4 9.4 9.4 24.6 0 33.9L246.6 467.3c-9.4 9.4-24.6 9.4-33.9 0l-22.2-22.2c-9.5-9.5-9.3-25 .4-34.3L311.4 296H24c-13.3 0-24-10.7-24-24v-32c0-13.3 10.7-24 24-24h287.4L190.9 101.2c-9.8-9.3-10-24.8-.4-34.3z\"><\/path><\/svg>\t\t\t<\/span>\n\t\t\t\t\t\t\t\t\t<span class=\"elementor-button-text\">Subscribe to the newsletter<\/span>\n\t\t\t\t\t<\/span>\n\t\t\t\t\t<\/a>\n\t\t\t\t<\/div>\n\t\t\t\t\t\t\t\t<\/div>\n\t\t\t\t<\/div>\n\t\t\t\t\t<\/div>\n\t\t<\/div>\n\t\t\t\t\t<\/div>\n\t\t<\/section>\n\t\t\t\t<\/div>","protected":false},"excerpt":{"rendered":"<p>Interessieren Sie sich f\u00fcr CIB seven? Nehmen Sie Kontakt auf und lassen Sie uns ins Gespr\u00e4ch kommen. Wir freuen uns auf Ihre Nachricht und den anschlie\u00dfenden Austausch. Abonnieren Sie unseren Newsletter, um keine Informationen zu verpassen! Abonnieren Sie den CIB seven Newsletter. Wir informieren Sie regelm\u00e4\u00dfig \u00fcber Neuigkeiten rund um CIB seven. Newsletter abonnieren<\/p>","protected":false},"author":4,"featured_media":8297,"parent":0,"menu_order":0,"comment_status":"closed","ping_status":"closed","template":"","meta":{"_acf_changed":false,"footnotes":""},"class_list":["post-591","page","type-page","status-publish","has-post-thumbnail"],"acf":[],"yoast_head":"<!-- This site is optimized with the Yoast SEO plugin v27.4 - https:\/\/yoast.com\/product\/yoast-seo-wordpress\/ -->\n<title>Kontakt - CIB seven<\/title>\n<meta name=\"description\" content=\"Senden Sie eine Nachricht an das CIB seven-Team. Wir freuen uns auf Sie und darauf, Sie f\u00fcr CIB seven zu gewinnen.\" \/>\n<meta name=\"robots\" content=\"index, follow, max-snippet:-1, max-image-preview:large, max-video-preview:-1\" \/>\n<link rel=\"canonical\" href=\"https:\/\/cibseven.org\/en\/contact\/\" \/>\n<meta property=\"og:locale\" content=\"en_GB\" \/>\n<meta property=\"og:type\" content=\"article\" \/>\n<meta property=\"og:title\" content=\"Kontakt - CIB seven\" \/>\n<meta property=\"og:description\" content=\"Senden Sie eine Nachricht an das CIB seven-Team. Wir freuen uns auf Sie und darauf, Sie f\u00fcr CIB seven zu gewinnen.\" \/>\n<meta property=\"og:url\" content=\"https:\/\/cibseven.org\/en\/contact\/\" \/>\n<meta property=\"og:site_name\" content=\"CIB seven\" \/>\n<meta property=\"article:modified_time\" content=\"2026-03-13T09:44:09+00:00\" \/>\n<meta property=\"og:image\" content=\"https:\/\/cibseven.org\/wp-content\/uploads\/2025\/05\/features.png\" \/>\n\t<meta property=\"og:image:width\" content=\"944\" \/>\n\t<meta property=\"og:image:height\" content=\"650\" \/>\n\t<meta property=\"og:image:type\" content=\"image\/png\" \/>\n<meta name=\"twitter:card\" content=\"summary_large_image\" \/>\n<meta name=\"twitter:label1\" content=\"Estimated reading time\" \/>\n\t<meta name=\"twitter:data1\" content=\"2 minutes\" \/>\n<script type=\"application\/ld+json\" class=\"yoast-schema-graph\">{\"@context\":\"https:\\\/\\\/schema.org\",\"@graph\":[{\"@type\":\"WebPage\",\"@id\":\"https:\\\/\\\/cibseven.org\\\/kontakt\\\/\",\"url\":\"https:\\\/\\\/cibseven.org\\\/kontakt\\\/\",\"name\":\"Kontakt - CIB seven\",\"isPartOf\":{\"@id\":\"https:\\\/\\\/cibseven.org\\\/#website\"},\"primaryImageOfPage\":{\"@id\":\"https:\\\/\\\/cibseven.org\\\/kontakt\\\/#primaryimage\"},\"image\":{\"@id\":\"https:\\\/\\\/cibseven.org\\\/kontakt\\\/#primaryimage\"},\"thumbnailUrl\":\"https:\\\/\\\/cibseven.org\\\/wp-content\\\/uploads\\\/2025\\\/05\\\/features.png\",\"datePublished\":\"2023-09-13T10:12:31+00:00\",\"dateModified\":\"2026-03-13T09:44:09+00:00\",\"description\":\"Senden Sie eine Nachricht an das CIB seven-Team. Wir freuen uns auf Sie und darauf, Sie f\u00fcr CIB seven zu gewinnen.\",\"breadcrumb\":{\"@id\":\"https:\\\/\\\/cibseven.org\\\/kontakt\\\/#breadcrumb\"},\"inLanguage\":\"en-GB\",\"potentialAction\":[{\"@type\":\"ReadAction\",\"target\":[\"https:\\\/\\\/cibseven.org\\\/kontakt\\\/\"]}]},{\"@type\":\"ImageObject\",\"inLanguage\":\"en-GB\",\"@id\":\"https:\\\/\\\/cibseven.org\\\/kontakt\\\/#primaryimage\",\"url\":\"https:\\\/\\\/cibseven.org\\\/wp-content\\\/uploads\\\/2025\\\/05\\\/features.png\",\"contentUrl\":\"https:\\\/\\\/cibseven.org\\\/wp-content\\\/uploads\\\/2025\\\/05\\\/features.png\",\"width\":944,\"height\":650},{\"@type\":\"BreadcrumbList\",\"@id\":\"https:\\\/\\\/cibseven.org\\\/kontakt\\\/#breadcrumb\",\"itemListElement\":[{\"@type\":\"ListItem\",\"position\":1,\"name\":\"Home\",\"item\":\"https:\\\/\\\/cibseven.org\\\/\"},{\"@type\":\"ListItem\",\"position\":2,\"name\":\"Kontakt\"}]},{\"@type\":\"WebSite\",\"@id\":\"https:\\\/\\\/cibseven.org\\\/#website\",\"url\":\"https:\\\/\\\/cibseven.org\\\/\",\"name\":\"CIB seven\",\"description\":\"Open-source BPM-Engine and a Camunda 7 fork that ensures digital sovereignty.\",\"publisher\":{\"@id\":\"https:\\\/\\\/cibseven.org\\\/#organization\"},\"potentialAction\":[{\"@type\":\"SearchAction\",\"target\":{\"@type\":\"EntryPoint\",\"urlTemplate\":\"https:\\\/\\\/cibseven.org\\\/?s={search_term_string}\"},\"query-input\":{\"@type\":\"PropertyValueSpecification\",\"valueRequired\":true,\"valueName\":\"search_term_string\"}}],\"inLanguage\":\"en-GB\"},{\"@type\":\"Organization\",\"@id\":\"https:\\\/\\\/cibseven.org\\\/#organization\",\"name\":\"CIB seven\",\"url\":\"https:\\\/\\\/cibseven.org\\\/\",\"logo\":{\"@type\":\"ImageObject\",\"inLanguage\":\"en-GB\",\"@id\":\"https:\\\/\\\/cibseven.org\\\/#\\\/schema\\\/logo\\\/image\\\/\",\"url\":\"https:\\\/\\\/cibseven.org\\\/wp-content\\\/uploads\\\/2023\\\/08\\\/CIB-seven-logo.svg\",\"contentUrl\":\"https:\\\/\\\/cibseven.org\\\/wp-content\\\/uploads\\\/2023\\\/08\\\/CIB-seven-logo.svg\",\"width\":175,\"height\":38,\"caption\":\"CIB seven\"},\"image\":{\"@id\":\"https:\\\/\\\/cibseven.org\\\/#\\\/schema\\\/logo\\\/image\\\/\"},\"sameAs\":[\"https:\\\/\\\/www.linkedin.com\\\/company\\\/cib\\\/mycompany\",\"https:\\\/\\\/www.youtube.com\\\/channel\\\/UC8D7C9UoDWRChyZEbhSf0LQ\"]}]}<\/script>\n<!-- \/ Yoast SEO plugin. -->","yoast_head_json":{"title":"Contact - CIB seven","description":"Send a message to the CIB seven team. We look forward to hearing from you and to winning you over to CIB seven.","robots":{"index":"index","follow":"follow","max-snippet":"max-snippet:-1","max-image-preview":"max-image-preview:large","max-video-preview":"max-video-preview:-1"},"canonical":"https:\/\/cibseven.org\/en\/contact\/","og_locale":"en_GB","og_type":"article","og_title":"Kontakt - CIB seven","og_description":"Senden Sie eine Nachricht an das CIB seven-Team. Wir freuen uns auf Sie und darauf, Sie f\u00fcr CIB seven zu gewinnen.","og_url":"https:\/\/cibseven.org\/en\/contact\/","og_site_name":"CIB seven","article_modified_time":"2026-03-13T09:44:09+00:00","og_image":[{"width":944,"height":650,"url":"https:\/\/cibseven.org\/wp-content\/uploads\/2025\/05\/features.png","type":"image\/png"}],"twitter_card":"summary_large_image","twitter_misc":{"Estimated reading time":"2 minutes"},"schema":{"@context":"https:\/\/schema.org","@graph":[{"@type":"WebPage","@id":"https:\/\/cibseven.org\/kontakt\/","url":"https:\/\/cibseven.org\/kontakt\/","name":"Contact - CIB seven","isPartOf":{"@id":"https:\/\/cibseven.org\/#website"},"primaryImageOfPage":{"@id":"https:\/\/cibseven.org\/kontakt\/#primaryimage"},"image":{"@id":"https:\/\/cibseven.org\/kontakt\/#primaryimage"},"thumbnailUrl":"https:\/\/cibseven.org\/wp-content\/uploads\/2025\/05\/features.png","datePublished":"2023-09-13T10:12:31+00:00","dateModified":"2026-03-13T09:44:09+00:00","description":"Send a message to the CIB seven team. We look forward to hearing from you and to winning you over to CIB seven.","breadcrumb":{"@id":"https:\/\/cibseven.org\/kontakt\/#breadcrumb"},"inLanguage":"en-GB","potentialAction":[{"@type":"ReadAction","target":["https:\/\/cibseven.org\/kontakt\/"]}]},{"@type":"ImageObject","inLanguage":"en-GB","@id":"https:\/\/cibseven.org\/kontakt\/#primaryimage","url":"https:\/\/cibseven.org\/wp-content\/uploads\/2025\/05\/features.png","contentUrl":"https:\/\/cibseven.org\/wp-content\/uploads\/2025\/05\/features.png","width":944,"height":650},{"@type":"BreadcrumbList","@id":"https:\/\/cibseven.org\/kontakt\/#breadcrumb","itemListElement":[{"@type":"ListItem","position":1,"name":"Home","item":"https:\/\/cibseven.org\/"},{"@type":"ListItem","position":2,"name":"Kontakt"}]},{"@type":"WebSite","@id":"https:\/\/cibseven.org\/#website","url":"https:\/\/cibseven.org\/","name":"CIB seven","description":"Open-source BPM-Engine and a Camunda 7 fork that ensures digital sovereignty.","publisher":{"@id":"https:\/\/cibseven.org\/#organization"},"potentialAction":[{"@type":"SearchAction","target":{"@type":"EntryPoint","urlTemplate":"https:\/\/cibseven.org\/?s={search_term_string}"},"query-input":{"@type":"PropertyValueSpecification","valueRequired":true,"valueName":"search_term_string"}}],"inLanguage":"en-GB"},{"@type":"Organization","@id":"https:\/\/cibseven.org\/#organization","name":"CIB seven","url":"https:\/\/cibseven.org\/","logo":{"@type":"ImageObject","inLanguage":"en-GB","@id":"https:\/\/cibseven.org\/#\/schema\/logo\/image\/","url":"https:\/\/cibseven.org\/wp-content\/uploads\/2023\/08\/CIB-seven-logo.svg","contentUrl":"https:\/\/cibseven.org\/wp-content\/uploads\/2023\/08\/CIB-seven-logo.svg","width":175,"height":38,"caption":"CIB seven"},"image":{"@id":"https:\/\/cibseven.org\/#\/schema\/logo\/image\/"},"sameAs":["https:\/\/www.linkedin.com\/company\/cib\/mycompany","https:\/\/www.youtube.com\/channel\/UC8D7C9UoDWRChyZEbhSf0LQ"]}]}},"post_mailing_queue_ids":[],"_links":{"self":[{"href":"https:\/\/cibseven.org\/en\/wp-json\/wp\/v2\/pages\/591","targetHints":{"allow":["GET"]}}],"collection":[{"href":"https:\/\/cibseven.org\/en\/wp-json\/wp\/v2\/pages"}],"about":[{"href":"https:\/\/cibseven.org\/en\/wp-json\/wp\/v2\/types\/page"}],"author":[{"embeddable":true,"href":"https:\/\/cibseven.org\/en\/wp-json\/wp\/v2\/users\/4"}],"replies":[{"embeddable":true,"href":"https:\/\/cibseven.org\/en\/wp-json\/wp\/v2\/comments?post=591"}],"version-history":[{"count":263,"href":"https:\/\/cibseven.org\/en\/wp-json\/wp\/v2\/pages\/591\/revisions"}],"predecessor-version":[{"id":14583,"href":"https:\/\/cibseven.org\/en\/wp-json\/wp\/v2\/pages\/591\/revisions\/14583"}],"wp:featuredmedia":[{"embeddable":true,"href":"https:\/\/cibseven.org\/en\/wp-json\/wp\/v2\/media\/8297"}],"wp:attachment":[{"href":"https:\/\/cibseven.org\/en\/wp-json\/wp\/v2\/media?parent=591"}],"curies":[{"name":"wp","href":"https:\/\/api.w.org\/{rel}","templated":true}]}}