{"id":4884,"date":"2024-10-31T10:41:23","date_gmt":"2024-10-31T09:41:23","guid":{"rendered":"https:\/\/cibseven.de\/?page_id=4884"},"modified":"2025-11-19T13:46:16","modified_gmt":"2025-11-19T12:46:16","slug":"newsletter","status":"publish","type":"page","link":"https:\/\/cibseven.org\/en\/newsletter\/","title":{"rendered":"Newsletter"},"content":{"rendered":"\t\t<div data-elementor-type=\"wp-page\" data-elementor-id=\"4884\" class=\"elementor elementor-4884\" data-elementor-post-type=\"page\">\n\t\t\t\t\t\t<section class=\"elementor-section elementor-top-section elementor-element elementor-element-99a9f15 elementor-section-boxed elementor-section-height-default elementor-section-height-default\" data-id=\"99a9f15\" data-element_type=\"section\" data-e-type=\"section\" data-settings=\"{&quot;background_background&quot;:&quot;classic&quot;}\">\n\t\t\t\t\t\t<div class=\"elementor-container elementor-column-gap-default\">\n\t\t\t\t\t<div class=\"elementor-column elementor-col-100 elementor-top-column elementor-element elementor-element-3143eee\" data-id=\"3143eee\" data-element_type=\"column\" data-e-type=\"column\">\n\t\t\t<div class=\"elementor-widget-wrap elementor-element-populated\">\n\t\t\t\t\t\t<div class=\"elementor-element elementor-element-a0dc8f8 elementor-widget elementor-widget-heading\" data-id=\"a0dc8f8\" data-element_type=\"widget\" data-e-type=\"widget\" data-widget_type=\"heading.default\">\n\t\t\t\t<div class=\"elementor-widget-container\">\n\t\t\t\t\t<h1 class=\"elementor-heading-title elementor-size-default\">CIB seven Newsletter<\/h1>\t\t\t\t<\/div>\n\t\t\t\t<\/div>\n\t\t\t\t<div class=\"elementor-element elementor-element-ba91de3 elementor-widget elementor-widget-text-editor\" data-id=\"ba91de3\" data-element_type=\"widget\" data-e-type=\"widget\" data-widget_type=\"text-editor.default\">\n\t\t\t\t<div class=\"elementor-widget-container\">\n\t\t\t\t\t\t\t\t\t<p>Wir informieren Sie regelm\u00e4\u00dfig \u00fcber neue Releases und Entwicklungen von CIB seven.<\/p>\t\t\t\t\t\t\t\t<\/div>\n\t\t\t\t<\/div>\n\t\t\t\t\t<\/div>\n\t\t<\/div>\n\t\t\t\t\t<\/div>\n\t\t<\/section>\n\t\t\t\t<section class=\"elementor-section elementor-top-section elementor-element elementor-element-1762e2e elementor-section-boxed elementor-section-height-default elementor-section-height-default\" data-id=\"1762e2e\" data-element_type=\"section\" data-e-type=\"section\" data-settings=\"{&quot;background_background&quot;:&quot;classic&quot;}\">\n\t\t\t\t\t\t<div class=\"elementor-container elementor-column-gap-default\">\n\t\t\t\t\t<div class=\"elementor-column elementor-col-50 elementor-top-column elementor-element elementor-element-3aa577f\" data-id=\"3aa577f\" data-element_type=\"column\" data-e-type=\"column\">\n\t\t\t<div class=\"elementor-widget-wrap elementor-element-populated\">\n\t\t\t\t\t\t<div class=\"elementor-element elementor-element-65c4f09 elementor-widget elementor-widget-image\" data-id=\"65c4f09\" data-element_type=\"widget\" data-e-type=\"widget\" data-widget_type=\"image.default\">\n\t\t\t\t<div class=\"elementor-widget-container\">\n\t\t\t\t\t\t\t\t\t\t\t\t\t\t\t<img fetchpriority=\"high\" decoding=\"async\" width=\"449\" height=\"368\" src=\"https:\/\/cibseven.org\/wp-content\/uploads\/2024\/10\/nwes-seven.png\" class=\"attachment-full size-full wp-image-4734\" alt=\"\" srcset=\"https:\/\/cibseven.org\/wp-content\/uploads\/2024\/10\/nwes-seven.png 449w, https:\/\/cibseven.org\/wp-content\/uploads\/2024\/10\/nwes-seven-300x246.png 300w\" sizes=\"(max-width: 449px) 100vw, 449px\" \/>\t\t\t\t\t\t\t\t\t\t\t\t\t\t\t<\/div>\n\t\t\t\t<\/div>\n\t\t\t\t\t<\/div>\n\t\t<\/div>\n\t\t\t\t<div class=\"elementor-column elementor-col-50 elementor-top-column elementor-element elementor-element-044960b\" data-id=\"044960b\" data-element_type=\"column\" data-e-type=\"column\">\n\t\t\t<div class=\"elementor-widget-wrap elementor-element-populated\">\n\t\t\t\t\t\t<div class=\"elementor-element elementor-element-7259c6d elementor-widget elementor-widget-shortcode\" data-id=\"7259c6d\" data-element_type=\"widget\" data-e-type=\"widget\" data-no-translation=\"\" data-widget_type=\"shortcode.default\">\n\t\t\t\t<div class=\"elementor-widget-container\">\n\t\t\t\t\t<style>.elementor-element-7259c6d{display:none !important}<\/style>\t\t\t\t<\/div>\n\t\t\t\t<\/div>\n\t\t\t\t<div class=\"elementor-element elementor-element-f8fa986 elementor-widget elementor-widget-shortcode\" data-id=\"f8fa986\" data-element_type=\"widget\" data-e-type=\"widget\" data-widget_type=\"shortcode.default\">\n\t\t\t\t<div class=\"elementor-widget-container\">\n\t\t\t\t\t\t\t<div class=\"elementor-shortcode\"><div class=\"emaillist\" id=\"es_form_f3-n2\"><form action=\"\/en\/wp-json\/wp\/v2\/pages\/4884#es_form_f3-n2\" method=\"post\" class=\"es_subscription_form es_shortcode_form  es_ajax_subscription_form\" id=\"es_subscription_form_69d2871c7d59b\" data-source=\"ig-es\" data-form-id=\"3\"><input type=\"hidden\" name=\"esfpx_form_id\" value=\"3\" \/><input type=\"hidden\" name=\"esfpx_lists[]\" value=\"fbb181e1cb0e\" \/><input type=\"hidden\" name=\"es\" value=\"subscribe\" \/>\n\t\t\t<input type=\"hidden\" name=\"esfpx_es_form_identifier\" value=\"f3-n2\" \/>\n\t\t\t<input type=\"hidden\" name=\"esfpx_es_email_page\" value=\"4884\" \/>\n\t\t\t<input type=\"hidden\" name=\"esfpx_es_email_page_url\" value=\"https:\/\/cibseven.org\/en\/newsletter\/\" \/>\n\t\t\t<input type=\"hidden\" name=\"esfpx_status\" value=\"Unconfirmed\" \/>\n\t\t\t<input type=\"hidden\" name=\"esfpx_es-subscribe\" id=\"es-subscribe-69d2871c7d59b\" value=\"be8b304d7c\" \/>\n\t\t\t<label style=\"position:absolute;top:-99999px;left:-99999px;z-index:-99;\" aria-hidden=\"true\"><span hidden>Please leave this field empty.<\/span><input type=\"email\" name=\"esfpx_es_hp_email\" class=\"es_required_field\" tabindex=\"-1\" autocomplete=\"-1\" value=\"\" \/><\/label><style>form.es_subscription_form[data-form-id=\"3\"] * { box-sizing: border-box; } body {margin: 0;}#esfpx_name_1ca4da4b09f15{padding-top:4px;padding-bottom:4px;}#ini6r{padding-top:4px;padding-right:8px;padding-bottom:4px;}#ih8sc{padding-top:4px;padding-bottom:4px;}#esfpx_email_1ca4da4b09f15{padding-top:4px;padding-bottom:4px;}#ion21{background-color:#ffffff;border:0 solid #0f2133;border-width:0;border-color:#0f2133;color:#0f2133;}form[data-form-id=\"3\"] .es-form-field-container .gjs-row{display:flex;justify-content:flex-start;align-items:stretch;flex-wrap:nowrap;}form[data-form-id=\"3\"] .es-form-field-container .gjs-cell{flex-grow:1;flex-basis:100%;}form[data-form-id=\"3\"] .es-form-field-container .gjs-cell[data-highlightable=\"1\"]:empty{border-top-width:1px;border-right-width:1px;border-bottom-width:1px;border-left-width:1px;border-top-style:dashed;border-right-style:dashed;border-bottom-style:dashed;border-left-style:dashed;border-top-color:rgb(204, 204, 204);border-right-color:rgb(204, 204, 204);border-bottom-color:rgb(204, 204, 204);border-left-color:rgb(204, 204, 204);border-image-source:initial;border-image-slice:initial;border-image-width:initial;border-image-outset:initial;border-image-repeat:initial;height:30px;}form[data-form-id=\"3\"] .es-form-field-container .gjs-row .gjs-cell input[type=\"checkbox\"], form[data-form-id=\"3\"] .es-form-field-container .gjs-row .gjs-cell input[type=\"radio\"]{margin-top:0px;margin-right:5px;margin-bottom:0px;margin-left:0px;width:auto;}form[data-form-id=\"3\"] .es-form-field-container{width:250px;}form[data-form-id=\"3\"] .es-form-field-container .gjs-row{margin-bottom:0.75rem;}form[data-form-id=\"3\"] .es-form-field-container label.es-field-label{display:block;}form[data-form-id=\"3\"] .es-form-field-container .gjs-row input:not([type=\"submit\"]), form[data-form-id=\"3\"] .es-form-field-container .gjs-row select, form[data-form-id=\"3\"] .es-form-field-container .gjs-row textarea{padding-top:0.5rem;padding-right:0.5rem;padding-bottom:0.5rem;padding-left:0.5rem;margin-right:auto;margin-left:auto;border-top-left-radius:0px;border-top-right-radius:0px;border-bottom-right-radius:0px;border-bottom-left-radius:0px;outline-color:initial;outline-style:none;outline-width:initial;box-shadow:none;height:initial;width:100%;text-align:left;border-top-width:1px;border-right-width:1px;border-bottom-width:1px;border-left-width:1px;border-top-style:solid;border-right-style:solid;border-bottom-style:solid;border-left-style:solid;border-top-color:rgb(196, 196, 196);border-right-color:rgb(196, 196, 196);border-bottom-color:rgb(196, 196, 196);border-left-color:rgb(196, 196, 196);border-image-source:initial;border-image-slice:initial;border-image-width:initial;border-image-outset:initial;border-image-repeat:initial;background-image:initial;background-position-x:initial;background-position-y:initial;background-size:initial;background-repeat:initial;background-attachment:initial;background-origin:initial;background-clip:initial;background-color:rgb(255, 255, 255);}form[data-form-id=\"3\"] .es-form-field-container .gjs-row input[type=\"submit\"]{border-top-width:initial;border-right-width:initial;border-bottom-width:initial;border-left-width:initial;border-top-style:none;border-right-style:none;border-bottom-style:none;border-left-style:none;border-top-color:initial;border-right-color:initial;border-bottom-color:initial;border-left-color:initial;border-image-source:initial;border-image-slice:initial;border-image-width:initial;border-image-outset:initial;border-image-repeat:initial;padding-top:0.5rem;padding-right:1rem;padding-bottom:0.5rem;padding-left:1rem;cursor:pointer;border-top-left-radius:0px;border-top-right-radius:0px;border-bottom-right-radius:0px;border-bottom-left-radius:0px;background-color:rgb(88, 80, 236);color:rgb(255, 255, 255);font-size:1rem;outline-color:initial;outline-style:none;outline-width:initial;margin-top:0.5rem;}form[data-form-id=\"3\"] .es-form-field-container .gjs-row input[type=\"submit\"]:hover{background-color:rgb(104, 117, 245);}@media only screen and (max-width: 576px){.gjs-row{display:flex;flex-direction:column;}.gjs-cell img{width:100%;height:auto;}}@media (max-width: 320px){form[data-form-id=\"3\"] .es-form-field-container{min-width:100%;}}<\/style><div class=\"es-form-field-container\"><div class=\"gjs-row\"><div class=\"gjs-cell\"><label for=\"esfpx_name_1ca4da4b09f15\" class=\"es-field-label\">Name*<\/label><input type=\"text\" name=\"esfpx_name\" autocomplete=\"off\" placeholder=\"\" class=\"es-name\" id=\"esfpx_name_1ca4da4b09f15\" \/><\/div><\/div><div class=\"gjs-row\"><div class=\"gjs-cell\"><label class=\"es-field-label es-custom-field-label\">Surname<\/label><input type=\"text\" name=\"es_custom_field[cf_longtext_nachname]\" autocomplete=\"off\" placeholder=\"\" class=\"es_form_cf ig_es_cf_longtext_nachname\" id=\"ini6r\" \/><\/div><\/div><div class=\"gjs-row\"><div class=\"gjs-cell\"><label class=\"es-field-label es-custom-field-label\">Company<\/label><input type=\"text\" name=\"es_custom_field[cf_longtext_unternehmen]\" autocomplete=\"off\" placeholder=\"\" class=\"es_form_cf ig_es_cf_longtext_unternehmen\" id=\"ih8sc\" \/><\/div><\/div><div class=\"gjs-row\"><div class=\"gjs-cell\"><label for=\"esfpx_email_1ca4da4b09f15\" class=\"es-field-label\">Email*<\/label><input type=\"email\" required class=\"es-email\" name=\"esfpx_email\" autocomplete=\"off\" placeholder=\"\" id=\"esfpx_email_1ca4da4b09f15\" \/><\/div><\/div><div class=\"gjs-row\"><div class=\"gjs-cell\"><input type=\"submit\" name=\"submit\" value=\"Subscribe to the newsletter\" required id=\"ion21\" \/><\/div><\/div><\/div><div class=\"gjs-row\"><div class=\"gjs-cell\"><label class=\"es-field-label es-custom-field-label\"><\/label><\/div><\/div><span class=\"es_spinner_image\" id=\"spinner-image\"><img decoding=\"async\" src=\"https:\/\/cibseven.org\/wp-content\/plugins\/email-subscribers-premium\/lite\/public\/images\/spinner.gif\" alt=\"Loading\" \/><\/span><\/form><span class=\"es_subscription_message \" id=\"es_subscription_message_69d2871c7d59b\" role=\"alert\" aria-live=\"assertive\"><\/span><\/div><\/div>\n\t\t\t\t\t\t<\/div>\n\t\t\t\t<\/div>\n\t\t\t\t<div class=\"elementor-element elementor-element-559ec1b elementor-widget elementor-widget-text-editor\" data-id=\"559ec1b\" data-element_type=\"widget\" data-e-type=\"widget\" data-widget_type=\"text-editor.default\">\n\t\t\t\t<div class=\"elementor-widget-container\">\n\t\t\t\t\t\t\t\t\tIch stimme den <span style=\"text-decoration: underline;\"><a href=\"https:\/\/www.cib.de\/datenschutz\/\" target=\"_blank\" rel=\"noopener\">Datenschutzbestimmungen<\/a><\/span> zu.\t\t\t\t\t\t\t\t<\/div>\n\t\t\t\t<\/div>\n\t\t\t\t\t<\/div>\n\t\t<\/div>\n\t\t\t\t\t<\/div>\n\t\t<\/section>\n\t\t\t\t<section class=\"elementor-section elementor-top-section elementor-element elementor-element-11770c5 elementor-section-boxed elementor-section-height-default elementor-section-height-default\" data-id=\"11770c5\" data-element_type=\"section\" data-e-type=\"section\" data-settings=\"{&quot;background_background&quot;:&quot;classic&quot;}\">\n\t\t\t\t\t\t\t<div class=\"elementor-background-overlay\"><\/div>\n\t\t\t\t\t\t\t<div class=\"elementor-container elementor-column-gap-default\">\n\t\t\t\t\t<div class=\"elementor-column elementor-col-100 elementor-top-column elementor-element elementor-element-dfda894\" data-id=\"dfda894\" data-element_type=\"column\" data-e-type=\"column\">\n\t\t\t<div class=\"elementor-widget-wrap elementor-element-populated\">\n\t\t\t\t\t\t<div class=\"elementor-element elementor-element-9ad584a elementor-widget elementor-widget-menu-anchor\" data-id=\"9ad584a\" data-element_type=\"widget\" data-e-type=\"widget\" data-widget_type=\"menu-anchor.default\">\n\t\t\t\t<div class=\"elementor-widget-container\">\n\t\t\t\t\t\t\t<div class=\"elementor-menu-anchor\" id=\"kontakt\"><\/div>\n\t\t\t\t\t\t<\/div>\n\t\t\t\t<\/div>\n\t\t\t\t<div class=\"elementor-element elementor-element-4296a60 elementor-widget elementor-widget-heading\" data-id=\"4296a60\" data-element_type=\"widget\" data-e-type=\"widget\" data-widget_type=\"heading.default\">\n\t\t\t\t<div class=\"elementor-widget-container\">\n\t\t\t\t\t<h2 class=\"elementor-heading-title elementor-size-default\">Interessieren Sie sich f\u00fcr CIB seven?<br>Lassen Sie sich pers\u00f6nlich und kompetent von uns beraten.<\/h2>\t\t\t\t<\/div>\n\t\t\t\t<\/div>\n\t\t\t\t<div class=\"elementor-element elementor-element-e7d3107 elementor-align-center elementor-widget elementor-widget-button\" data-id=\"e7d3107\" data-element_type=\"widget\" data-e-type=\"widget\" data-widget_type=\"button.default\">\n\t\t\t\t<div class=\"elementor-widget-container\">\n\t\t\t\t\t\t\t\t\t<div class=\"elementor-button-wrapper\">\n\t\t\t\t\t<a class=\"elementor-button elementor-button-link elementor-size-sm\" href=\"\/kontakt\/\" target=\"_blank\" id=\"seven-kontakt-bottom\">\n\t\t\t\t\t\t<span class=\"elementor-button-content-wrapper\">\n\t\t\t\t\t\t<span class=\"elementor-button-icon\">\n\t\t\t\t<svg aria-hidden=\"true\" class=\"e-font-icon-svg e-fas-arrow-right\" viewBox=\"0 0 448 512\" xmlns=\"http:\/\/www.w3.org\/2000\/svg\"><path d=\"M190.5 66.9l22.2-22.2c9.4-9.4 24.6-9.4 33.9 0L441 239c9.4 9.4 9.4 24.6 0 33.9L246.6 467.3c-9.4 9.4-24.6 9.4-33.9 0l-22.2-22.2c-9.5-9.5-9.3-25 .4-34.3L311.4 296H24c-13.3 0-24-10.7-24-24v-32c0-13.3 10.7-24 24-24h287.4L190.9 101.2c-9.8-9.3-10-24.8-.4-34.3z\"><\/path><\/svg>\t\t\t<\/span>\n\t\t\t\t\t\t\t\t\t<span class=\"elementor-button-text\">Kontakt<\/span>\n\t\t\t\t\t<\/span>\n\t\t\t\t\t<\/a>\n\t\t\t\t<\/div>\n\t\t\t\t\t\t\t\t<\/div>\n\t\t\t\t<\/div>\n\t\t\t\t\t<\/div>\n\t\t<\/div>\n\t\t\t\t\t<\/div>\n\t\t<\/section>\n\t\t\t\t<\/div>\n\t\t","protected":false},"excerpt":{"rendered":"<p>CIB seven Newsletter Wir informieren Sie regelm\u00e4\u00dfig \u00fcber neue Releases und Entwicklungen von CIB seven. Ich stimme den Datenschutzbestimmungen zu. Interessieren Sie sich f\u00fcr CIB seven?Lassen Sie sich pers\u00f6nlich und kompetent von uns beraten. Kontakt<\/p>","protected":false},"author":4,"featured_media":8281,"parent":0,"menu_order":0,"comment_status":"closed","ping_status":"closed","template":"","meta":{"_acf_changed":false,"footnotes":""},"class_list":["post-4884","page","type-page","status-publish","has-post-thumbnail"],"acf":[],"yoast_head":"<!-- This site is optimized with the Yoast SEO plugin v27.3 - https:\/\/yoast.com\/product\/yoast-seo-wordpress\/ -->\n<title>CIB seven - Newsletter<\/title>\n<meta name=\"description\" content=\"Bleiben Sie auf dem Laufenden \u2013 abonnieren Sie den CIB seven Newsletter und werden Sie Teil der CIB seven Community!\" \/>\n<meta name=\"robots\" content=\"index, follow, max-snippet:-1, max-image-preview:large, max-video-preview:-1\" \/>\n<link rel=\"canonical\" href=\"https:\/\/cibseven.org\/en\/newsletter\/\" \/>\n<meta property=\"og:locale\" content=\"en_GB\" \/>\n<meta property=\"og:type\" content=\"article\" \/>\n<meta property=\"og:title\" content=\"CIB seven - Newsletter\" \/>\n<meta property=\"og:description\" content=\"Bleiben Sie auf dem Laufenden \u2013 abonnieren Sie den CIB seven Newsletter und werden Sie Teil der CIB seven Community!\" \/>\n<meta property=\"og:url\" content=\"https:\/\/cibseven.org\/en\/newsletter\/\" \/>\n<meta property=\"og:site_name\" content=\"CIB seven\" \/>\n<meta property=\"article:modified_time\" content=\"2025-11-19T12:46:16+00:00\" \/>\n<meta property=\"og:image\" content=\"https:\/\/cibseven.org\/wp-content\/uploads\/2025\/05\/news-cib-seven-14.png\" \/>\n\t<meta property=\"og:image:width\" content=\"1459\" \/>\n\t<meta property=\"og:image:height\" content=\"730\" \/>\n\t<meta property=\"og:image:type\" content=\"image\/png\" \/>\n<meta name=\"twitter:card\" content=\"summary_large_image\" \/>\n<meta name=\"twitter:label1\" content=\"Estimated reading time\" \/>\n\t<meta name=\"twitter:data1\" content=\"1 minute\" \/>\n<script type=\"application\/ld+json\" class=\"yoast-schema-graph\">{\"@context\":\"https:\\\/\\\/schema.org\",\"@graph\":[{\"@type\":\"WebPage\",\"@id\":\"https:\\\/\\\/cibseven.org\\\/newsletter\\\/\",\"url\":\"https:\\\/\\\/cibseven.org\\\/newsletter\\\/\",\"name\":\"CIB seven - Newsletter\",\"isPartOf\":{\"@id\":\"https:\\\/\\\/cibseven.org\\\/#website\"},\"primaryImageOfPage\":{\"@id\":\"https:\\\/\\\/cibseven.org\\\/newsletter\\\/#primaryimage\"},\"image\":{\"@id\":\"https:\\\/\\\/cibseven.org\\\/newsletter\\\/#primaryimage\"},\"thumbnailUrl\":\"https:\\\/\\\/cibseven.org\\\/wp-content\\\/uploads\\\/2025\\\/05\\\/news-cib-seven-14.png\",\"datePublished\":\"2024-10-31T09:41:23+00:00\",\"dateModified\":\"2025-11-19T12:46:16+00:00\",\"description\":\"Bleiben Sie auf dem Laufenden \u2013 abonnieren Sie den CIB seven Newsletter und werden Sie Teil der CIB seven Community!\",\"breadcrumb\":{\"@id\":\"https:\\\/\\\/cibseven.org\\\/newsletter\\\/#breadcrumb\"},\"inLanguage\":\"en-GB\",\"potentialAction\":[{\"@type\":\"ReadAction\",\"target\":[\"https:\\\/\\\/cibseven.org\\\/newsletter\\\/\"]}]},{\"@type\":\"ImageObject\",\"inLanguage\":\"en-GB\",\"@id\":\"https:\\\/\\\/cibseven.org\\\/newsletter\\\/#primaryimage\",\"url\":\"https:\\\/\\\/cibseven.org\\\/wp-content\\\/uploads\\\/2025\\\/05\\\/news-cib-seven-14.png\",\"contentUrl\":\"https:\\\/\\\/cibseven.org\\\/wp-content\\\/uploads\\\/2025\\\/05\\\/news-cib-seven-14.png\",\"width\":1459,\"height\":730},{\"@type\":\"BreadcrumbList\",\"@id\":\"https:\\\/\\\/cibseven.org\\\/newsletter\\\/#breadcrumb\",\"itemListElement\":[{\"@type\":\"ListItem\",\"position\":1,\"name\":\"Home\",\"item\":\"https:\\\/\\\/cibseven.org\\\/\"},{\"@type\":\"ListItem\",\"position\":2,\"name\":\"Newsletter\"}]},{\"@type\":\"WebSite\",\"@id\":\"https:\\\/\\\/cibseven.org\\\/#website\",\"url\":\"https:\\\/\\\/cibseven.org\\\/\",\"name\":\"CIB seven\",\"description\":\"Open-source BPM-Engine and a Camunda 7 fork that ensures digital sovereignty.\",\"publisher\":{\"@id\":\"https:\\\/\\\/cibseven.org\\\/#organization\"},\"potentialAction\":[{\"@type\":\"SearchAction\",\"target\":{\"@type\":\"EntryPoint\",\"urlTemplate\":\"https:\\\/\\\/cibseven.org\\\/?s={search_term_string}\"},\"query-input\":{\"@type\":\"PropertyValueSpecification\",\"valueRequired\":true,\"valueName\":\"search_term_string\"}}],\"inLanguage\":\"en-GB\"},{\"@type\":\"Organization\",\"@id\":\"https:\\\/\\\/cibseven.org\\\/#organization\",\"name\":\"CIB seven\",\"url\":\"https:\\\/\\\/cibseven.org\\\/\",\"logo\":{\"@type\":\"ImageObject\",\"inLanguage\":\"en-GB\",\"@id\":\"https:\\\/\\\/cibseven.org\\\/#\\\/schema\\\/logo\\\/image\\\/\",\"url\":\"https:\\\/\\\/cibseven.org\\\/wp-content\\\/uploads\\\/2023\\\/08\\\/CIB-seven-logo.svg\",\"contentUrl\":\"https:\\\/\\\/cibseven.org\\\/wp-content\\\/uploads\\\/2023\\\/08\\\/CIB-seven-logo.svg\",\"width\":175,\"height\":38,\"caption\":\"CIB seven\"},\"image\":{\"@id\":\"https:\\\/\\\/cibseven.org\\\/#\\\/schema\\\/logo\\\/image\\\/\"},\"sameAs\":[\"https:\\\/\\\/www.linkedin.com\\\/company\\\/cib\\\/mycompany\",\"https:\\\/\\\/www.youtube.com\\\/channel\\\/UC8D7C9UoDWRChyZEbhSf0LQ\"]}]}<\/script>\n<!-- \/ Yoast SEO plugin. -->","yoast_head_json":{"title":"CIB seven - Newsletter","description":"CIB seven Community: Stay up to date - subscribe to the CIB seven newsletter!","robots":{"index":"index","follow":"follow","max-snippet":"max-snippet:-1","max-image-preview":"max-image-preview:large","max-video-preview":"max-video-preview:-1"},"canonical":"https:\/\/cibseven.org\/en\/newsletter\/","og_locale":"en_GB","og_type":"article","og_title":"CIB seven - Newsletter","og_description":"Bleiben Sie auf dem Laufenden \u2013 abonnieren Sie den CIB seven Newsletter und werden Sie Teil der CIB seven Community!","og_url":"https:\/\/cibseven.org\/en\/newsletter\/","og_site_name":"CIB seven","article_modified_time":"2025-11-19T12:46:16+00:00","og_image":[{"width":1459,"height":730,"url":"https:\/\/cibseven.org\/wp-content\/uploads\/2025\/05\/news-cib-seven-14.png","type":"image\/png"}],"twitter_card":"summary_large_image","twitter_misc":{"Estimated reading time":"1 minute"},"schema":{"@context":"https:\/\/schema.org","@graph":[{"@type":"WebPage","@id":"https:\/\/cibseven.org\/newsletter\/","url":"https:\/\/cibseven.org\/newsletter\/","name":"CIB seven - Newsletter","isPartOf":{"@id":"https:\/\/cibseven.org\/#website"},"primaryImageOfPage":{"@id":"https:\/\/cibseven.org\/newsletter\/#primaryimage"},"image":{"@id":"https:\/\/cibseven.org\/newsletter\/#primaryimage"},"thumbnailUrl":"https:\/\/cibseven.org\/wp-content\/uploads\/2025\/05\/news-cib-seven-14.png","datePublished":"2024-10-31T09:41:23+00:00","dateModified":"2025-11-19T12:46:16+00:00","description":"CIB seven Community: Stay up to date - subscribe to the CIB seven newsletter!","breadcrumb":{"@id":"https:\/\/cibseven.org\/newsletter\/#breadcrumb"},"inLanguage":"en-GB","potentialAction":[{"@type":"ReadAction","target":["https:\/\/cibseven.org\/newsletter\/"]}]},{"@type":"ImageObject","inLanguage":"en-GB","@id":"https:\/\/cibseven.org\/newsletter\/#primaryimage","url":"https:\/\/cibseven.org\/wp-content\/uploads\/2025\/05\/news-cib-seven-14.png","contentUrl":"https:\/\/cibseven.org\/wp-content\/uploads\/2025\/05\/news-cib-seven-14.png","width":1459,"height":730},{"@type":"BreadcrumbList","@id":"https:\/\/cibseven.org\/newsletter\/#breadcrumb","itemListElement":[{"@type":"ListItem","position":1,"name":"Home","item":"https:\/\/cibseven.org\/"},{"@type":"ListItem","position":2,"name":"Newsletter"}]},{"@type":"WebSite","@id":"https:\/\/cibseven.org\/#website","url":"https:\/\/cibseven.org\/","name":"CIB seven","description":"Open-source BPM-Engine and a Camunda 7 fork that ensures digital sovereignty.","publisher":{"@id":"https:\/\/cibseven.org\/#organization"},"potentialAction":[{"@type":"SearchAction","target":{"@type":"EntryPoint","urlTemplate":"https:\/\/cibseven.org\/?s={search_term_string}"},"query-input":{"@type":"PropertyValueSpecification","valueRequired":true,"valueName":"search_term_string"}}],"inLanguage":"en-GB"},{"@type":"Organization","@id":"https:\/\/cibseven.org\/#organization","name":"CIB seven","url":"https:\/\/cibseven.org\/","logo":{"@type":"ImageObject","inLanguage":"en-GB","@id":"https:\/\/cibseven.org\/#\/schema\/logo\/image\/","url":"https:\/\/cibseven.org\/wp-content\/uploads\/2023\/08\/CIB-seven-logo.svg","contentUrl":"https:\/\/cibseven.org\/wp-content\/uploads\/2023\/08\/CIB-seven-logo.svg","width":175,"height":38,"caption":"CIB seven"},"image":{"@id":"https:\/\/cibseven.org\/#\/schema\/logo\/image\/"},"sameAs":["https:\/\/www.linkedin.com\/company\/cib\/mycompany","https:\/\/www.youtube.com\/channel\/UC8D7C9UoDWRChyZEbhSf0LQ"]}]}},"post_mailing_queue_ids":[],"_links":{"self":[{"href":"https:\/\/cibseven.org\/en\/wp-json\/wp\/v2\/pages\/4884","targetHints":{"allow":["GET"]}}],"collection":[{"href":"https:\/\/cibseven.org\/en\/wp-json\/wp\/v2\/pages"}],"about":[{"href":"https:\/\/cibseven.org\/en\/wp-json\/wp\/v2\/types\/page"}],"author":[{"embeddable":true,"href":"https:\/\/cibseven.org\/en\/wp-json\/wp\/v2\/users\/4"}],"replies":[{"embeddable":true,"href":"https:\/\/cibseven.org\/en\/wp-json\/wp\/v2\/comments?post=4884"}],"version-history":[{"count":142,"href":"https:\/\/cibseven.org\/en\/wp-json\/wp\/v2\/pages\/4884\/revisions"}],"predecessor-version":[{"id":12219,"href":"https:\/\/cibseven.org\/en\/wp-json\/wp\/v2\/pages\/4884\/revisions\/12219"}],"wp:featuredmedia":[{"embeddable":true,"href":"https:\/\/cibseven.org\/en\/wp-json\/wp\/v2\/media\/8281"}],"wp:attachment":[{"href":"https:\/\/cibseven.org\/en\/wp-json\/wp\/v2\/media?parent=4884"}],"curies":[{"name":"wp","href":"https:\/\/api.w.org\/{rel}","templated":true}]}}